{"id":24,"date":"2017-02-06T09:33:56","date_gmt":"2017-02-06T09:33:56","guid":{"rendered":"http:\/\/victorthemes.com\/themes\/sewell\/?page_id=24"},"modified":"2023-02-09T19:56:02","modified_gmt":"2023-02-09T21:56:02","slug":"kontaktai","status":"publish","type":"page","link":"http:\/\/vytis.photo\/?page_id=24","title":{"rendered":"Kontaktai"},"content":{"rendered":"<p>[vc_row][vc_column]\n        <div class=\"sewl-section-heading style5 sewl-heading-69d92411ca442 \">\n        <div class=\"sewl-heading\">Kontaktin\u0117 informacija<\/div><div class=\"sewl-sub-heading\">Visada operatyviai atsakau \u012f visus jums r\u016bpimus klausimus<\/div><\/div>[\/vc_column][\/vc_row][vc_row overlay_dotted=&#8221;&#8221; css=&#8221;.vc_custom_1491969083141{padding-top: 20px !important;padding-bottom: 81px !important;}&#8221; el_class=&#8221;text-center&#8221;][vc_column]<div class=\"sewl-contact-info text-center sewl-contact-info-69d92411ca451\"><ul>\n<li>Fotografuoju visoje Lietuvoje ir ne tik<\/li>\n<li><a href=\"tel:+37060032906\">Tel: <\/a><a href=\"tel:+37060032906\" target=\"_blank\" rel=\"noopener noreferrer\">+370 600 32 906<\/a><\/li>\n<li><a href=\"mailto:info@vytis.photo\">M: info@vytis.photo<\/a><\/li>\n<\/ul>\n<\/div>[\/vc_column][\/vc_row]<\/p>\n","protected":false},"excerpt":{"rendered":"[vc_row][vc_column][\/vc_column][\/vc_row][vc_row overlay_dotted=&#8221;&#8221; css=&#8221;.vc_custom_1491969083141{padding-top: 20px !important;padding-bottom: 81px !important;}&#8221; el_class=&#8221;text-center&#8221;][vc_column][\/vc_column][\/vc_row]","protected":false},"author":1,"featured_media":0,"parent":0,"menu_order":0,"comment_status":"closed","ping_status":"closed","template":"contact.php","meta":{"_monsterinsights_skip_tracking":false,"_monsterinsights_sitenote_active":false,"_monsterinsights_sitenote_note":"","_monsterinsights_sitenote_category":0},"yoast_head":"<!-- This site is optimized with the Yoast SEO plugin v21.8.1 - https:\/\/yoast.com\/wordpress\/plugins\/seo\/ -->\n<title>Kontaktai - Vytis Sulinskas<\/title>\n<meta name=\"robots\" content=\"index, follow, max-snippet:-1, max-image-preview:large, max-video-preview:-1\" \/>\n<link rel=\"canonical\" href=\"http:\/\/vytis.photo\/?page_id=24\" \/>\n<meta property=\"og:locale\" content=\"lt_LT\" \/>\n<meta property=\"og:type\" content=\"article\" \/>\n<meta property=\"og:title\" content=\"Kontaktai - Vytis Sulinskas\" \/>\n<meta property=\"og:description\" content=\"[vc_row][vc_column][\/vc_column][\/vc_row][vc_row overlay_dotted=&#8221;&#8221; css=&#8221;.vc_custom_1491969083141{padding-top: 20px !important;padding-bottom: 81px !important;}&#8221; el_class=&#8221;text-center&#8221;][vc_column][\/vc_column][\/vc_row]\" \/>\n<meta property=\"og:url\" content=\"http:\/\/vytis.photo\/?page_id=24\" \/>\n<meta property=\"og:site_name\" content=\"Vytis Sulinskas\" \/>\n<meta property=\"article:modified_time\" content=\"2023-02-09T21:56:02+00:00\" \/>\n<meta name=\"twitter:card\" content=\"summary_large_image\" \/>\n<meta name=\"twitter:label1\" content=\"Est. reading time\" \/>\n\t<meta name=\"twitter:data1\" content=\"1 minut\u0117\" \/>\n<script type=\"application\/ld+json\" class=\"yoast-schema-graph\">{\"@context\":\"https:\/\/schema.org\",\"@graph\":[{\"@type\":\"WebPage\",\"@id\":\"http:\/\/vytis.photo\/?page_id=24\",\"url\":\"http:\/\/vytis.photo\/?page_id=24\",\"name\":\"Kontaktai - Vytis Sulinskas\",\"isPartOf\":{\"@id\":\"http:\/\/vytis.photo\/#website\"},\"datePublished\":\"2017-02-06T09:33:56+00:00\",\"dateModified\":\"2023-02-09T21:56:02+00:00\",\"breadcrumb\":{\"@id\":\"http:\/\/vytis.photo\/?page_id=24#breadcrumb\"},\"inLanguage\":\"lt-LT\",\"potentialAction\":[{\"@type\":\"ReadAction\",\"target\":[\"http:\/\/vytis.photo\/?page_id=24\"]}]},{\"@type\":\"BreadcrumbList\",\"@id\":\"http:\/\/vytis.photo\/?page_id=24#breadcrumb\",\"itemListElement\":[{\"@type\":\"ListItem\",\"position\":1,\"name\":\"Home\",\"item\":\"http:\/\/vytis.photo\/\"},{\"@type\":\"ListItem\",\"position\":2,\"name\":\"Kontaktai\"}]},{\"@type\":\"WebSite\",\"@id\":\"http:\/\/vytis.photo\/#website\",\"url\":\"http:\/\/vytis.photo\/\",\"name\":\"Vytis Sulinskas\",\"description\":\"J\u016bs\u0173 akimirk\u0173 k\u016br\u0117jas\",\"publisher\":{\"@id\":\"http:\/\/vytis.photo\/#organization\"},\"potentialAction\":[{\"@type\":\"SearchAction\",\"target\":{\"@type\":\"EntryPoint\",\"urlTemplate\":\"http:\/\/vytis.photo\/?s={search_term_string}\"},\"query-input\":\"required name=search_term_string\"}],\"inLanguage\":\"lt-LT\"},{\"@type\":\"Organization\",\"@id\":\"http:\/\/vytis.photo\/#organization\",\"name\":\"Vytis Sulinskas\",\"url\":\"http:\/\/vytis.photo\/\",\"logo\":{\"@type\":\"ImageObject\",\"inLanguage\":\"lt-LT\",\"@id\":\"http:\/\/vytis.photo\/#\/schema\/logo\/image\/\",\"url\":\"http:\/\/vytis.photo\/wp-content\/uploads\/2021\/03\/vytis-sulinskas-e1615659538414.png\",\"contentUrl\":\"http:\/\/vytis.photo\/wp-content\/uploads\/2021\/03\/vytis-sulinskas-e1615659538414.png\",\"width\":222,\"height\":200,\"caption\":\"Vytis Sulinskas\"},\"image\":{\"@id\":\"http:\/\/vytis.photo\/#\/schema\/logo\/image\/\"}}]}<\/script>\n<!-- \/ Yoast SEO plugin. -->","yoast_head_json":{"title":"Kontaktai - Vytis Sulinskas","robots":{"index":"index","follow":"follow","max-snippet":"max-snippet:-1","max-image-preview":"max-image-preview:large","max-video-preview":"max-video-preview:-1"},"canonical":"http:\/\/vytis.photo\/?page_id=24","og_locale":"lt_LT","og_type":"article","og_title":"Kontaktai - Vytis Sulinskas","og_description":"[vc_row][vc_column][\/vc_column][\/vc_row][vc_row overlay_dotted=&#8221;&#8221; css=&#8221;.vc_custom_1491969083141{padding-top: 20px !important;padding-bottom: 81px !important;}&#8221; el_class=&#8221;text-center&#8221;][vc_column][\/vc_column][\/vc_row]","og_url":"http:\/\/vytis.photo\/?page_id=24","og_site_name":"Vytis Sulinskas","article_modified_time":"2023-02-09T21:56:02+00:00","twitter_card":"summary_large_image","twitter_misc":{"Est. reading time":"1 minut\u0117"},"schema":{"@context":"https:\/\/schema.org","@graph":[{"@type":"WebPage","@id":"http:\/\/vytis.photo\/?page_id=24","url":"http:\/\/vytis.photo\/?page_id=24","name":"Kontaktai - Vytis Sulinskas","isPartOf":{"@id":"http:\/\/vytis.photo\/#website"},"datePublished":"2017-02-06T09:33:56+00:00","dateModified":"2023-02-09T21:56:02+00:00","breadcrumb":{"@id":"http:\/\/vytis.photo\/?page_id=24#breadcrumb"},"inLanguage":"lt-LT","potentialAction":[{"@type":"ReadAction","target":["http:\/\/vytis.photo\/?page_id=24"]}]},{"@type":"BreadcrumbList","@id":"http:\/\/vytis.photo\/?page_id=24#breadcrumb","itemListElement":[{"@type":"ListItem","position":1,"name":"Home","item":"http:\/\/vytis.photo\/"},{"@type":"ListItem","position":2,"name":"Kontaktai"}]},{"@type":"WebSite","@id":"http:\/\/vytis.photo\/#website","url":"http:\/\/vytis.photo\/","name":"Vytis Sulinskas","description":"J\u016bs\u0173 akimirk\u0173 k\u016br\u0117jas","publisher":{"@id":"http:\/\/vytis.photo\/#organization"},"potentialAction":[{"@type":"SearchAction","target":{"@type":"EntryPoint","urlTemplate":"http:\/\/vytis.photo\/?s={search_term_string}"},"query-input":"required name=search_term_string"}],"inLanguage":"lt-LT"},{"@type":"Organization","@id":"http:\/\/vytis.photo\/#organization","name":"Vytis Sulinskas","url":"http:\/\/vytis.photo\/","logo":{"@type":"ImageObject","inLanguage":"lt-LT","@id":"http:\/\/vytis.photo\/#\/schema\/logo\/image\/","url":"http:\/\/vytis.photo\/wp-content\/uploads\/2021\/03\/vytis-sulinskas-e1615659538414.png","contentUrl":"http:\/\/vytis.photo\/wp-content\/uploads\/2021\/03\/vytis-sulinskas-e1615659538414.png","width":222,"height":200,"caption":"Vytis Sulinskas"},"image":{"@id":"http:\/\/vytis.photo\/#\/schema\/logo\/image\/"}}]}},"_links":{"self":[{"href":"http:\/\/vytis.photo\/index.php?rest_route=\/wp\/v2\/pages\/24"}],"collection":[{"href":"http:\/\/vytis.photo\/index.php?rest_route=\/wp\/v2\/pages"}],"about":[{"href":"http:\/\/vytis.photo\/index.php?rest_route=\/wp\/v2\/types\/page"}],"author":[{"embeddable":true,"href":"http:\/\/vytis.photo\/index.php?rest_route=\/wp\/v2\/users\/1"}],"replies":[{"embeddable":true,"href":"http:\/\/vytis.photo\/index.php?rest_route=%2Fwp%2Fv2%2Fcomments&post=24"}],"version-history":[{"count":11,"href":"http:\/\/vytis.photo\/index.php?rest_route=\/wp\/v2\/pages\/24\/revisions"}],"predecessor-version":[{"id":3498,"href":"http:\/\/vytis.photo\/index.php?rest_route=\/wp\/v2\/pages\/24\/revisions\/3498"}],"wp:attachment":[{"href":"http:\/\/vytis.photo\/index.php?rest_route=%2Fwp%2Fv2%2Fmedia&parent=24"}],"curies":[{"name":"wp","href":"https:\/\/api.w.org\/{rel}","templated":true}]}}