{"id":2986,"date":"2021-03-08T19:35:26","date_gmt":"2021-03-08T21:35:26","guid":{"rendered":"http:\/\/vytis.photo\/?post_type=product&#038;p=2986"},"modified":"2022-04-25T00:12:44","modified_gmt":"2022-04-25T02:12:44","slug":"velykiniai-atvirukai-12vnt","status":"publish","type":"product","link":"http:\/\/vytis.photo\/?product=velykiniai-atvirukai-12vnt","title":{"rendered":"Velykiniai atvirukai, \u017emogaus rinkinys 12vnt."},"content":{"rendered":"","protected":false},"excerpt":{"rendered":"Rinkinyje yra 12 limituoto leidimo atviruk\u0173.\r\n\r\nIdealiai tinka kolekcionieriams, nuotrauk\u0173 m\u0117g\u0117jams ar tiesiog siun\u010diant draugui. \u012er\u0117minus, puikiai papuo\u0161 J\u016bs\u0173 interjer\u0105.\r\n\r\nDydis 14,7 x 14,7 cm.\r\n\r\nAtvirukai spausdinami ant 100% perdirbto popieriaus, ekologi\u0161ki.\r\n\r\nLimituoto leidimo, tik 30 komplekt\u0173.","protected":false},"featured_media":2998,"template":"","meta":{"_monsterinsights_skip_tracking":false,"_monsterinsights_sitenote_active":false,"_monsterinsights_sitenote_note":"","_monsterinsights_sitenote_category":0},"product_cat":[50],"product_tag":[],"yoast_head":"<!-- This site is optimized with the Yoast SEO plugin v21.8.1 - https:\/\/yoast.com\/wordpress\/plugins\/seo\/ -->\n<title>Velykiniai atvirukai, \u017emogaus rinkinys 12vnt. - Vytis Sulinskas<\/title>\n<meta name=\"robots\" content=\"index, follow, max-snippet:-1, max-image-preview:large, max-video-preview:-1\" \/>\n<link rel=\"canonical\" href=\"http:\/\/vytis.photo\/?product=velykiniai-atvirukai-12vnt\" \/>\n<meta property=\"og:locale\" content=\"lt_LT\" \/>\n<meta property=\"og:type\" content=\"article\" \/>\n<meta property=\"og:title\" content=\"Velykiniai atvirukai, \u017emogaus rinkinys 12vnt. - Vytis Sulinskas\" \/>\n<meta property=\"og:description\" content=\"Rinkinyje yra 12 limituoto leidimo atviruk\u0173.  Idealiai tinka kolekcionieriams, nuotrauk\u0173 m\u0117g\u0117jams ar tiesiog siun\u010diant draugui. \u012er\u0117minus, puikiai papuo\u0161 J\u016bs\u0173 interjer\u0105.  Dydis 14,7 x 14,7 cm.  Atvirukai spausdinami ant 100% perdirbto popieriaus, ekologi\u0161ki.  Limituoto leidimo, tik 30 komplekt\u0173.\" \/>\n<meta property=\"og:url\" content=\"http:\/\/vytis.photo\/?product=velykiniai-atvirukai-12vnt\" \/>\n<meta property=\"og:site_name\" content=\"Vytis Sulinskas\" \/>\n<meta property=\"article:modified_time\" content=\"2022-04-25T02:12:44+00:00\" \/>\n<meta property=\"og:image\" content=\"http:\/\/vytis.photo\/wp-content\/uploads\/2021\/03\/11-1.jpg\" \/>\n\t<meta property=\"og:image:width\" content=\"1736\" \/>\n\t<meta property=\"og:image:height\" content=\"1736\" \/>\n\t<meta property=\"og:image:type\" content=\"image\/jpeg\" \/>\n<meta name=\"twitter:card\" content=\"summary_large_image\" \/>\n<script type=\"application\/ld+json\" class=\"yoast-schema-graph\">{\"@context\":\"https:\/\/schema.org\",\"@graph\":[{\"@type\":\"WebPage\",\"@id\":\"http:\/\/vytis.photo\/?product=velykiniai-atvirukai-12vnt\",\"url\":\"http:\/\/vytis.photo\/?product=velykiniai-atvirukai-12vnt\",\"name\":\"Velykiniai atvirukai, \u017emogaus rinkinys 12vnt. - Vytis Sulinskas\",\"isPartOf\":{\"@id\":\"http:\/\/vytis.photo\/#website\"},\"datePublished\":\"2021-03-08T21:35:26+00:00\",\"dateModified\":\"2022-04-25T02:12:44+00:00\",\"breadcrumb\":{\"@id\":\"http:\/\/vytis.photo\/?product=velykiniai-atvirukai-12vnt#breadcrumb\"},\"inLanguage\":\"lt-LT\",\"potentialAction\":[{\"@type\":\"ReadAction\",\"target\":[\"http:\/\/vytis.photo\/?product=velykiniai-atvirukai-12vnt\"]}]},{\"@type\":\"BreadcrumbList\",\"@id\":\"http:\/\/vytis.photo\/?product=velykiniai-atvirukai-12vnt#breadcrumb\",\"itemListElement\":[{\"@type\":\"ListItem\",\"position\":1,\"name\":\"Home\",\"item\":\"http:\/\/vytis.photo\/\"},{\"@type\":\"ListItem\",\"position\":2,\"name\":\"Velykiniai atvirukai, \u017emogaus rinkinys 12vnt.\"}]},{\"@type\":\"WebSite\",\"@id\":\"http:\/\/vytis.photo\/#website\",\"url\":\"http:\/\/vytis.photo\/\",\"name\":\"Vytis Sulinskas\",\"description\":\"J\u016bs\u0173 akimirk\u0173 k\u016br\u0117jas\",\"publisher\":{\"@id\":\"http:\/\/vytis.photo\/#organization\"},\"potentialAction\":[{\"@type\":\"SearchAction\",\"target\":{\"@type\":\"EntryPoint\",\"urlTemplate\":\"http:\/\/vytis.photo\/?s={search_term_string}\"},\"query-input\":\"required name=search_term_string\"}],\"inLanguage\":\"lt-LT\"},{\"@type\":\"Organization\",\"@id\":\"http:\/\/vytis.photo\/#organization\",\"name\":\"Vytis Sulinskas\",\"url\":\"http:\/\/vytis.photo\/\",\"logo\":{\"@type\":\"ImageObject\",\"inLanguage\":\"lt-LT\",\"@id\":\"http:\/\/vytis.photo\/#\/schema\/logo\/image\/\",\"url\":\"http:\/\/vytis.photo\/wp-content\/uploads\/2021\/03\/vytis-sulinskas-e1615659538414.png\",\"contentUrl\":\"http:\/\/vytis.photo\/wp-content\/uploads\/2021\/03\/vytis-sulinskas-e1615659538414.png\",\"width\":222,\"height\":200,\"caption\":\"Vytis Sulinskas\"},\"image\":{\"@id\":\"http:\/\/vytis.photo\/#\/schema\/logo\/image\/\"}}]}<\/script>\n<!-- \/ Yoast SEO plugin. -->","yoast_head_json":{"title":"Velykiniai atvirukai, \u017emogaus rinkinys 12vnt. - Vytis Sulinskas","robots":{"index":"index","follow":"follow","max-snippet":"max-snippet:-1","max-image-preview":"max-image-preview:large","max-video-preview":"max-video-preview:-1"},"canonical":"http:\/\/vytis.photo\/?product=velykiniai-atvirukai-12vnt","og_locale":"lt_LT","og_type":"article","og_title":"Velykiniai atvirukai, \u017emogaus rinkinys 12vnt. - Vytis Sulinskas","og_description":"Rinkinyje yra 12 limituoto leidimo atviruk\u0173.  Idealiai tinka kolekcionieriams, nuotrauk\u0173 m\u0117g\u0117jams ar tiesiog siun\u010diant draugui. \u012er\u0117minus, puikiai papuo\u0161 J\u016bs\u0173 interjer\u0105.  Dydis 14,7 x 14,7 cm.  Atvirukai spausdinami ant 100% perdirbto popieriaus, ekologi\u0161ki.  Limituoto leidimo, tik 30 komplekt\u0173.","og_url":"http:\/\/vytis.photo\/?product=velykiniai-atvirukai-12vnt","og_site_name":"Vytis Sulinskas","article_modified_time":"2022-04-25T02:12:44+00:00","og_image":[{"width":1736,"height":1736,"url":"http:\/\/vytis.photo\/wp-content\/uploads\/2021\/03\/11-1.jpg","type":"image\/jpeg"}],"twitter_card":"summary_large_image","schema":{"@context":"https:\/\/schema.org","@graph":[{"@type":"WebPage","@id":"http:\/\/vytis.photo\/?product=velykiniai-atvirukai-12vnt","url":"http:\/\/vytis.photo\/?product=velykiniai-atvirukai-12vnt","name":"Velykiniai atvirukai, \u017emogaus rinkinys 12vnt. - Vytis Sulinskas","isPartOf":{"@id":"http:\/\/vytis.photo\/#website"},"datePublished":"2021-03-08T21:35:26+00:00","dateModified":"2022-04-25T02:12:44+00:00","breadcrumb":{"@id":"http:\/\/vytis.photo\/?product=velykiniai-atvirukai-12vnt#breadcrumb"},"inLanguage":"lt-LT","potentialAction":[{"@type":"ReadAction","target":["http:\/\/vytis.photo\/?product=velykiniai-atvirukai-12vnt"]}]},{"@type":"BreadcrumbList","@id":"http:\/\/vytis.photo\/?product=velykiniai-atvirukai-12vnt#breadcrumb","itemListElement":[{"@type":"ListItem","position":1,"name":"Home","item":"http:\/\/vytis.photo\/"},{"@type":"ListItem","position":2,"name":"Velykiniai atvirukai, \u017emogaus rinkinys 12vnt."}]},{"@type":"WebSite","@id":"http:\/\/vytis.photo\/#website","url":"http:\/\/vytis.photo\/","name":"Vytis Sulinskas","description":"J\u016bs\u0173 akimirk\u0173 k\u016br\u0117jas","publisher":{"@id":"http:\/\/vytis.photo\/#organization"},"potentialAction":[{"@type":"SearchAction","target":{"@type":"EntryPoint","urlTemplate":"http:\/\/vytis.photo\/?s={search_term_string}"},"query-input":"required name=search_term_string"}],"inLanguage":"lt-LT"},{"@type":"Organization","@id":"http:\/\/vytis.photo\/#organization","name":"Vytis Sulinskas","url":"http:\/\/vytis.photo\/","logo":{"@type":"ImageObject","inLanguage":"lt-LT","@id":"http:\/\/vytis.photo\/#\/schema\/logo\/image\/","url":"http:\/\/vytis.photo\/wp-content\/uploads\/2021\/03\/vytis-sulinskas-e1615659538414.png","contentUrl":"http:\/\/vytis.photo\/wp-content\/uploads\/2021\/03\/vytis-sulinskas-e1615659538414.png","width":222,"height":200,"caption":"Vytis Sulinskas"},"image":{"@id":"http:\/\/vytis.photo\/#\/schema\/logo\/image\/"}}]}},"_links":{"self":[{"href":"http:\/\/vytis.photo\/index.php?rest_route=\/wp\/v2\/product\/2986"}],"collection":[{"href":"http:\/\/vytis.photo\/index.php?rest_route=\/wp\/v2\/product"}],"about":[{"href":"http:\/\/vytis.photo\/index.php?rest_route=\/wp\/v2\/types\/product"}],"wp:featuredmedia":[{"embeddable":true,"href":"http:\/\/vytis.photo\/index.php?rest_route=\/wp\/v2\/media\/2998"}],"wp:attachment":[{"href":"http:\/\/vytis.photo\/index.php?rest_route=%2Fwp%2Fv2%2Fmedia&parent=2986"}],"wp:term":[{"taxonomy":"product_cat","embeddable":true,"href":"http:\/\/vytis.photo\/index.php?rest_route=%2Fwp%2Fv2%2Fproduct_cat&post=2986"},{"taxonomy":"product_tag","embeddable":true,"href":"http:\/\/vytis.photo\/index.php?rest_route=%2Fwp%2Fv2%2Fproduct_tag&post=2986"}],"curies":[{"name":"wp","href":"https:\/\/api.w.org\/{rel}","templated":true}]}}